{"id":267,"date":"2019-11-14T09:31:15","date_gmt":"2019-11-14T01:31:15","guid":{"rendered":"https:\/\/estudiolotus.com\/fotografo\/?page_id=267"},"modified":"2022-08-31T00:44:34","modified_gmt":"2022-08-30T16:44:34","slug":"paquetes-de-xv-anos","status":"publish","type":"page","link":"https:\/\/estudiolotus.com\/fotografo\/paquetes-de-xv-anos\/","title":{"rendered":"Paquetes de XV a\u00f1os"},"content":{"rendered":"\t\t<div data-elementor-type=\"wp-page\" data-elementor-id=\"267\" class=\"elementor elementor-267\">\n\t\t\t\t\t\t<section class=\"elementor-section elementor-top-section elementor-element elementor-element-6ce204b elementor-section-boxed elementor-section-height-default elementor-section-height-default\" data-id=\"6ce204b\" data-element_type=\"section\" data-e-type=\"section\">\n\t\t\t\t\t\t<div class=\"elementor-container elementor-column-gap-default\">\n\t\t\t\t\t<div class=\"elementor-column elementor-col-100 elementor-top-column elementor-element elementor-element-82b2bdf\" data-id=\"82b2bdf\" data-element_type=\"column\" data-e-type=\"column\">\n\t\t\t<div class=\"elementor-widget-wrap elementor-element-populated\">\n\t\t\t\t\t\t<div class=\"elementor-element elementor-element-83768ad elementor-widget elementor-widget-heading\" data-id=\"83768ad\" data-element_type=\"widget\" data-e-type=\"widget\" data-widget_type=\"heading.default\">\n\t\t\t\t<div class=\"elementor-widget-container\">\n\t\t\t\t\t<h1 class=\"elementor-heading-title elementor-size-default\">Servicio de Fotograf\u00eda <\/h1>\t\t\t\t<\/div>\n\t\t\t\t<\/div>\n\t\t\t\t\t<\/div>\n\t\t<\/div>\n\t\t\t\t\t<\/div>\n\t\t<\/section>\n\t\t\t\t<section class=\"elementor-section elementor-top-section elementor-element elementor-element-843438d elementor-section-boxed elementor-section-height-default elementor-section-height-default elementor-invisible\" data-id=\"843438d\" data-element_type=\"section\" data-e-type=\"section\" data-settings=\"{&quot;animation&quot;:&quot;fadeInUp&quot;}\">\n\t\t\t\t\t\t<div class=\"elementor-container elementor-column-gap-default\">\n\t\t\t\t\t<div class=\"elementor-column elementor-col-50 elementor-top-column elementor-element elementor-element-8871d81\" data-id=\"8871d81\" data-element_type=\"column\" data-e-type=\"column\">\n\t\t\t<div class=\"elementor-widget-wrap elementor-element-populated\">\n\t\t\t\t\t\t<div class=\"elementor-element elementor-element-acf910d elementor-widget elementor-widget-text-editor\" data-id=\"acf910d\" data-element_type=\"widget\" data-e-type=\"widget\" data-widget_type=\"text-editor.default\">\n\t\t\t\t<div class=\"elementor-widget-container\">\n\t\t\t\t\t\t\t\t\t<p><\/p>\n<h2 class=\"wp-block-heading\"><span style=\"color: #2183b8;\">Paquete de Fotograf\u00eda 1<\/span><\/h2>\n<p><\/p>\n<h3 class=\"wp-block-heading\">COSTO: 5,000<\/h3>\n<p><\/p>\n<h5 class=\"wp-block-heading\"><strong>Obtienes 1 fot\u00f3grafo que cubrir\u00e1:<\/strong><\/h5>\n<p><\/p>\n<ul class=\"wp-block-list\">\n<li>Ceremonia religiosa<\/li>\n<li>3 horas de recepci\u00f3n<\/li>\n<\/ul>\n<p><\/p>\n<h5 class=\"wp-block-heading\"><strong>As\u00ed mismo, incluye:<\/strong><\/h5>\n<ul>\n<li>Usb con los archivos digitales<\/li>\n<\/ul>\n<p><\/p>\t\t\t\t\t\t\t\t<\/div>\n\t\t\t\t<\/div>\n\t\t\t\t\t<\/div>\n\t\t<\/div>\n\t\t\t\t<div class=\"elementor-column elementor-col-50 elementor-top-column elementor-element elementor-element-67136f9\" data-id=\"67136f9\" data-element_type=\"column\" data-e-type=\"column\">\n\t\t\t<div class=\"elementor-widget-wrap elementor-element-populated\">\n\t\t\t\t\t\t<div class=\"elementor-element elementor-element-381a5065 elementor-widget elementor-widget-text-editor\" data-id=\"381a5065\" data-element_type=\"widget\" data-e-type=\"widget\" data-widget_type=\"text-editor.default\">\n\t\t\t\t<div class=\"elementor-widget-container\">\n\t\t\t\t\t\t\t\t\t<p><\/p>\n<h2 class=\"wp-block-heading\"><span style=\"color: #2183b8;\">Paquete de Fotograf\u00eda 2<\/span><\/h2>\n<p><\/p>\n<h3 class=\"wp-block-heading\">COSTO: 8,000<\/h3>\n<p><\/p>\n<h5 class=\"wp-block-heading\"><strong>Obtienes 1 fot\u00f3grafo que cubrir\u00e1:<\/strong><\/h5>\n<p><\/p>\n<ul class=\"wp-block-list\">\n<li>Sesi\u00f3n de fotos\u00a0<\/li>\n<li>Ceremonia religiosa<\/li>\n<li>3 horas de recepci\u00f3n<\/li>\n<\/ul>\n<p><\/p>\n<h5 class=\"wp-block-heading\"><strong>As\u00ed mismo, incluye:<\/strong><\/h5>\n<ul>\n<li>Usb con los archivos digitales<\/li>\n<\/ul>\n<p><\/p>\t\t\t\t\t\t\t\t<\/div>\n\t\t\t\t<\/div>\n\t\t\t\t\t<\/div>\n\t\t<\/div>\n\t\t\t\t\t<\/div>\n\t\t<\/section>\n\t\t\t\t<section class=\"elementor-section elementor-top-section elementor-element elementor-element-b892d4b elementor-section-boxed elementor-section-height-default elementor-section-height-default\" data-id=\"b892d4b\" data-element_type=\"section\" data-e-type=\"section\">\n\t\t\t\t\t\t<div class=\"elementor-container elementor-column-gap-default\">\n\t\t\t\t\t<div class=\"elementor-column elementor-col-100 elementor-top-column elementor-element elementor-element-e66ca59\" data-id=\"e66ca59\" data-element_type=\"column\" data-e-type=\"column\">\n\t\t\t<div class=\"elementor-widget-wrap elementor-element-populated\">\n\t\t\t\t\t\t<div class=\"elementor-element elementor-element-015f60b elementor-widget-divider--view-line_icon elementor-view-default elementor-widget-divider--element-align-center elementor-widget elementor-widget-divider\" data-id=\"015f60b\" data-element_type=\"widget\" data-e-type=\"widget\" data-widget_type=\"divider.default\">\n\t\t\t\t<div class=\"elementor-widget-container\">\n\t\t\t\t\t\t\t<div class=\"elementor-divider\">\n\t\t\t<span class=\"elementor-divider-separator\">\n\t\t\t\t\t\t\t<div class=\"elementor-icon elementor-divider__element\">\n\t\t\t\t\t<i aria-hidden=\"true\" class=\"fab fa-phoenix-squadron\"><\/i><\/div>\n\t\t\t\t\t\t<\/span>\n\t\t<\/div>\n\t\t\t\t\t\t<\/div>\n\t\t\t\t<\/div>\n\t\t\t\t\t<\/div>\n\t\t<\/div>\n\t\t\t\t\t<\/div>\n\t\t<\/section>\n\t\t\t\t<section class=\"elementor-section elementor-top-section elementor-element elementor-element-07a48da elementor-section-boxed elementor-section-height-default elementor-section-height-default elementor-invisible\" data-id=\"07a48da\" data-element_type=\"section\" data-e-type=\"section\" data-settings=\"{&quot;animation&quot;:&quot;fadeInUp&quot;}\">\n\t\t\t\t\t\t<div class=\"elementor-container elementor-column-gap-default\">\n\t\t\t\t\t<div class=\"elementor-column elementor-col-50 elementor-top-column elementor-element elementor-element-3077536\" data-id=\"3077536\" data-element_type=\"column\" data-e-type=\"column\">\n\t\t\t<div class=\"elementor-widget-wrap elementor-element-populated\">\n\t\t\t\t\t\t<div class=\"elementor-element elementor-element-b1d6fe8 elementor-widget elementor-widget-text-editor\" data-id=\"b1d6fe8\" data-element_type=\"widget\" data-e-type=\"widget\" data-widget_type=\"text-editor.default\">\n\t\t\t\t<div class=\"elementor-widget-container\">\n\t\t\t\t\t\t\t\t\t<p><\/p>\n<h2 class=\"wp-block-heading\"><span style=\"color: #2183b8;\">Paquete de Fotograf\u00eda y video 3<\/span><\/h2>\n<p><\/p>\n<h3 class=\"wp-block-heading\">COSTO: 15,000<\/h3>\n<p><\/p>\n<h5 class=\"wp-block-heading\"><strong>Obtienes 2 fot\u00f3grafos :<\/strong><strong>\u00a0<\/strong><\/h5>\n<ul>\n<li>Sesi\u00f3n de fotos<\/li>\n<li>Ceremonia religiosa<\/li>\n<li>4 horas de recepci\u00f3n<\/li>\n<\/ul>\n<p><\/p>\n<h5 class=\"wp-block-heading\"><strong>As\u00ed mismo, incluye:\u00a0<\/strong><\/h5>\n<ul>\n<li>Usb con los archivos digitales<\/li>\n<li>Video del evento5<\/li>\n<\/ul>\n<p><\/p>\t\t\t\t\t\t\t\t<\/div>\n\t\t\t\t<\/div>\n\t\t\t\t\t<\/div>\n\t\t<\/div>\n\t\t\t\t<div class=\"elementor-column elementor-col-50 elementor-top-column elementor-element elementor-element-b9691e6\" data-id=\"b9691e6\" data-element_type=\"column\" data-e-type=\"column\">\n\t\t\t<div class=\"elementor-widget-wrap elementor-element-populated\">\n\t\t\t\t\t\t<div class=\"elementor-element elementor-element-6f76d3b elementor-widget elementor-widget-text-editor\" data-id=\"6f76d3b\" data-element_type=\"widget\" data-e-type=\"widget\" data-widget_type=\"text-editor.default\">\n\t\t\t\t<div class=\"elementor-widget-container\">\n\t\t\t\t\t\t\t\t\t<p><\/p>\n<h2 class=\"wp-block-heading\"><span style=\"color: #2183b8;\">Paquete de Fotograf\u00eda y video 4<\/span><\/h2>\n<h5 style=\"font-family: Roboto, sans-serif; font-size: 17px; font-style: normal;\"><span style=\"font-size: 20px;\">COSTO: 17,000<\/span><\/h5>\n<h5 style=\"font-family: Roboto, sans-serif; font-size: 17px; font-style: normal;\"><span style=\"font-weight: bold;\">Obtienes 2 fot\u00f3grafos y un camar\u00f3grafo<\/span><span style=\"font-weight: bold;\">&nbsp;que cubrir\u00e1:<\/span><\/h5>\n<div>\n<ul>\n<li>Sesi\u00f3n de fotos<\/li>\n<li>Ceremonia religiosa<\/li>\n<li>3 Horas de recepci\u00f3n<\/li>\n<\/ul>\n<\/div>\n<h5 style=\"font-family: Roboto, sans-serif; font-size: 17px; font-style: normal;\"><span style=\"font-weight: bold;\">As\u00ed mismo, incluye:<\/span><\/h5>\n<ul>\n<li>Usb con los archivos digitales<\/li>\n<li>Video del evento<\/li>\n<\/ul>\n<p><\/p>\t\t\t\t\t\t\t\t<\/div>\n\t\t\t\t<\/div>\n\t\t\t\t\t<\/div>\n\t\t<\/div>\n\t\t\t\t\t<\/div>\n\t\t<\/section>\n\t\t\t\t<section class=\"elementor-section elementor-top-section elementor-element elementor-element-a4e70c7 elementor-section-boxed elementor-section-height-default elementor-section-height-default elementor-invisible\" data-id=\"a4e70c7\" data-element_type=\"section\" data-e-type=\"section\" data-settings=\"{&quot;animation&quot;:&quot;fadeInUp&quot;}\">\n\t\t\t\t\t\t<div class=\"elementor-container elementor-column-gap-default\">\n\t\t\t\t\t<div class=\"elementor-column elementor-col-50 elementor-top-column elementor-element elementor-element-13f9b77\" data-id=\"13f9b77\" data-element_type=\"column\" data-e-type=\"column\">\n\t\t\t<div class=\"elementor-widget-wrap elementor-element-populated\">\n\t\t\t\t\t\t<div class=\"elementor-element elementor-element-114b05b elementor-widget elementor-widget-text-editor\" data-id=\"114b05b\" data-element_type=\"widget\" data-e-type=\"widget\" data-widget_type=\"text-editor.default\">\n\t\t\t\t<div class=\"elementor-widget-container\">\n\t\t\t\t\t\t\t\t\t<p><\/p>\n<h2 class=\"wp-block-heading\"><span style=\"color: #2183b8;\">Paquete de Fotograf\u00eda y video 5<\/span><\/h2>\n<p><\/p>\n<h3 class=\"wp-block-heading\">COSTO: 20,000<\/h3>\n<p><\/p>\n<h5 class=\"wp-block-heading\"><strong>Obtienes 2 fot\u00f3grafos y 1 camar\u00f3grafo que cubrir\u00e1:<\/strong><strong>\u00a0<\/strong><\/h5>\n<p><\/p>\n<ul class=\"wp-block-list\">\n<li>Sesion de fotos\u00a0<\/li>\n<li>Ceremonia religiosa<\/li>\n<li>4 horas de recepci\u00f3n<\/li>\n<li>2 horas de cabina 360\u00b0<\/li>\n<\/ul>\n<p><\/p>\n<h5 class=\"wp-block-heading\"><strong>As\u00ed mismo, incluye:\u00a0<\/strong><\/h5>\n<ul>\n<li>Usb con los archivos digitales<\/li>\n<li>Video del evento<\/li>\n<\/ul>\n<p><\/p>\t\t\t\t\t\t\t\t<\/div>\n\t\t\t\t<\/div>\n\t\t\t\t\t<\/div>\n\t\t<\/div>\n\t\t\t\t<div class=\"elementor-column elementor-col-50 elementor-top-column elementor-element elementor-element-a37481b\" data-id=\"a37481b\" data-element_type=\"column\" data-e-type=\"column\">\n\t\t\t<div class=\"elementor-widget-wrap\">\n\t\t\t\t\t\t\t<\/div>\n\t\t<\/div>\n\t\t\t\t\t<\/div>\n\t\t<\/section>\n\t\t\t\t<section class=\"elementor-section elementor-top-section elementor-element elementor-element-e260e00 elementor-section-boxed elementor-section-height-default elementor-section-height-default\" data-id=\"e260e00\" data-element_type=\"section\" data-e-type=\"section\">\n\t\t\t\t\t\t<div class=\"elementor-container elementor-column-gap-default\">\n\t\t\t\t\t<div class=\"elementor-column elementor-col-100 elementor-top-column elementor-element elementor-element-0b7f01d\" data-id=\"0b7f01d\" data-element_type=\"column\" data-e-type=\"column\">\n\t\t\t<div class=\"elementor-widget-wrap elementor-element-populated\">\n\t\t\t\t\t\t<div class=\"elementor-element elementor-element-84bf06d elementor-widget-divider--view-line_icon elementor-view-default elementor-widget-divider--element-align-center elementor-widget elementor-widget-divider\" data-id=\"84bf06d\" data-element_type=\"widget\" data-e-type=\"widget\" data-widget_type=\"divider.default\">\n\t\t\t\t<div class=\"elementor-widget-container\">\n\t\t\t\t\t\t\t<div class=\"elementor-divider\">\n\t\t\t<span class=\"elementor-divider-separator\">\n\t\t\t\t\t\t\t<div class=\"elementor-icon elementor-divider__element\">\n\t\t\t\t\t<i aria-hidden=\"true\" class=\"fab fa-phoenix-squadron\"><\/i><\/div>\n\t\t\t\t\t\t<\/span>\n\t\t<\/div>\n\t\t\t\t\t\t<\/div>\n\t\t\t\t<\/div>\n\t\t\t\t\t<\/div>\n\t\t<\/div>\n\t\t\t\t\t<\/div>\n\t\t<\/section>\n\t\t\t\t<section class=\"elementor-section elementor-top-section elementor-element elementor-element-b873cdc elementor-section-boxed elementor-section-height-default elementor-section-height-default elementor-invisible\" data-id=\"b873cdc\" data-element_type=\"section\" data-e-type=\"section\" data-settings=\"{&quot;animation&quot;:&quot;fadeInUp&quot;}\">\n\t\t\t\t\t\t<div class=\"elementor-container elementor-column-gap-default\">\n\t\t\t\t\t<div class=\"elementor-column elementor-col-100 elementor-top-column elementor-element elementor-element-114d475\" data-id=\"114d475\" data-element_type=\"column\" data-e-type=\"column\">\n\t\t\t<div class=\"elementor-widget-wrap elementor-element-populated\">\n\t\t\t\t\t\t<div class=\"elementor-element elementor-element-c31474d elementor-widget elementor-widget-text-editor\" data-id=\"c31474d\" data-element_type=\"widget\" data-e-type=\"widget\" data-widget_type=\"text-editor.default\">\n\t\t\t\t<div class=\"elementor-widget-container\">\n\t\t\t\t\t\t\t\t\t<h2 style=\"text-align: center;\"><span style=\"color: #2183b8;\">Sesi\u00f3n de fotos.<\/span><\/h2>\t\t\t\t\t\t\t\t<\/div>\n\t\t\t\t<\/div>\n\t\t\t\t\t<\/div>\n\t\t<\/div>\n\t\t\t\t\t<\/div>\n\t\t<\/section>\n\t\t\t\t<section class=\"elementor-section elementor-top-section elementor-element elementor-element-1b51750 elementor-section-boxed elementor-section-height-default elementor-section-height-default\" data-id=\"1b51750\" data-element_type=\"section\" data-e-type=\"section\">\n\t\t\t\t\t\t<div class=\"elementor-container elementor-column-gap-default\">\n\t\t\t\t\t<div class=\"elementor-column elementor-col-50 elementor-top-column elementor-element elementor-element-72eb094\" data-id=\"72eb094\" data-element_type=\"column\" data-e-type=\"column\">\n\t\t\t<div class=\"elementor-widget-wrap elementor-element-populated\">\n\t\t\t\t\t\t<div class=\"elementor-element elementor-element-3459076 elementor-widget elementor-widget-text-editor\" data-id=\"3459076\" data-element_type=\"widget\" data-e-type=\"widget\" data-widget_type=\"text-editor.default\">\n\t\t\t\t<div class=\"elementor-widget-container\">\n\t\t\t\t\t\t\t\t\t<p>Que los preparativos de la fiesta <br \/>comiencen desde ahora con su sesi\u00f3n.<\/p>\n<h5><strong>Sesi\u00f3n fotogr\u00e1fica $ 3,000.<\/strong><\/h5>\n<p>Globos, carteles, pizarras, canastas, manteles, botellas de vino, copas, flores y corazones son algunos de los elementos clave de la<strong> producci\u00f3n fotogr\u00e1fica<\/strong>. Pero tambi\u00e9n lo es el vestuario de XV a\u00f1os disponen para la ocasi\u00f3n. Normalmente de colores alegres, neutros y m\u00e1s bien lejos de los estampados.\u00a0<\/p>\t\t\t\t\t\t\t\t<\/div>\n\t\t\t\t<\/div>\n\t\t\t\t\t<\/div>\n\t\t<\/div>\n\t\t\t\t<div class=\"elementor-column elementor-col-50 elementor-top-column elementor-element elementor-element-ed16ed5\" data-id=\"ed16ed5\" data-element_type=\"column\" data-e-type=\"column\">\n\t\t\t<div class=\"elementor-widget-wrap elementor-element-populated\">\n\t\t\t\t\t\t<div class=\"elementor-element elementor-element-bba50db elementor-widget elementor-widget-image\" data-id=\"bba50db\" data-element_type=\"widget\" data-e-type=\"widget\" data-widget_type=\"image.default\">\n\t\t\t\t<div class=\"elementor-widget-container\">\n\t\t\t\t\t\t\t\t\t\t\t\t\t\t\t<img fetchpriority=\"high\" decoding=\"async\" width=\"500\" height=\"333\" src=\"https:\/\/estudiolotus.com\/fotografo\/wp-content\/uploads\/2020\/02\/rosacon-alma-1.jpg\" class=\"attachment-full size-full wp-image-308\" alt=\"\" srcset=\"https:\/\/estudiolotus.com\/fotografo\/wp-content\/uploads\/2020\/02\/rosacon-alma-1.jpg 500w, https:\/\/estudiolotus.com\/fotografo\/wp-content\/uploads\/2020\/02\/rosacon-alma-1-300x200.jpg 300w\" sizes=\"(max-width: 500px) 100vw, 500px\" \/>\t\t\t\t\t\t\t\t\t\t\t\t\t\t\t<\/div>\n\t\t\t\t<\/div>\n\t\t\t\t\t<\/div>\n\t\t<\/div>\n\t\t\t\t\t<\/div>\n\t\t<\/section>\n\t\t\t\t<section class=\"elementor-section elementor-top-section elementor-element elementor-element-9ce8643 elementor-section-boxed elementor-section-height-default elementor-section-height-default\" data-id=\"9ce8643\" data-element_type=\"section\" data-e-type=\"section\">\n\t\t\t\t\t\t<div class=\"elementor-container elementor-column-gap-default\">\n\t\t\t\t\t<div class=\"elementor-column elementor-col-100 elementor-top-column elementor-element elementor-element-3bfa62c\" data-id=\"3bfa62c\" data-element_type=\"column\" data-e-type=\"column\">\n\t\t\t<div class=\"elementor-widget-wrap\">\n\t\t\t\t\t\t\t<\/div>\n\t\t<\/div>\n\t\t\t\t\t<\/div>\n\t\t<\/section>\n\t\t\t\t<section class=\"elementor-section elementor-top-section elementor-element elementor-element-3ef8d24 elementor-section-boxed elementor-section-height-default elementor-section-height-default\" data-id=\"3ef8d24\" data-element_type=\"section\" data-e-type=\"section\">\n\t\t\t\t\t\t<div class=\"elementor-container elementor-column-gap-default\">\n\t\t\t\t\t<div class=\"elementor-column elementor-col-100 elementor-top-column elementor-element elementor-element-f8d9290\" data-id=\"f8d9290\" data-element_type=\"column\" data-e-type=\"column\">\n\t\t\t<div class=\"elementor-widget-wrap elementor-element-populated\">\n\t\t\t\t\t\t<div class=\"elementor-element elementor-element-d371a22 elementor-widget elementor-widget-text-editor\" data-id=\"d371a22\" data-element_type=\"widget\" data-e-type=\"widget\" data-widget_type=\"text-editor.default\">\n\t\t\t\t<div class=\"elementor-widget-container\">\n\t\t\t\t\t\t\t\t\t<h2 style=\"text-align: center;\"><span style=\"color: #2183b8;\">Servicio de Drone<\/span><\/h2>\t\t\t\t\t\t\t\t<\/div>\n\t\t\t\t<\/div>\n\t\t\t\t\t<\/div>\n\t\t<\/div>\n\t\t\t\t\t<\/div>\n\t\t<\/section>\n\t\t\t\t<section class=\"elementor-section elementor-top-section elementor-element elementor-element-d31f894 elementor-section-boxed elementor-section-height-default elementor-section-height-default\" data-id=\"d31f894\" data-element_type=\"section\" data-e-type=\"section\">\n\t\t\t\t\t\t<div class=\"elementor-container elementor-column-gap-default\">\n\t\t\t\t\t<div class=\"elementor-column elementor-col-100 elementor-top-column elementor-element elementor-element-0f27013\" data-id=\"0f27013\" data-element_type=\"column\" data-e-type=\"column\">\n\t\t\t<div class=\"elementor-widget-wrap\">\n\t\t\t\t\t\t\t<\/div>\n\t\t<\/div>\n\t\t\t\t\t<\/div>\n\t\t<\/section>\n\t\t\t\t<section class=\"elementor-section elementor-top-section elementor-element elementor-element-b451cf6 elementor-section-boxed elementor-section-height-default elementor-section-height-default\" data-id=\"b451cf6\" data-element_type=\"section\" data-e-type=\"section\">\n\t\t\t\t\t\t<div class=\"elementor-container elementor-column-gap-default\">\n\t\t\t\t\t<div class=\"elementor-column elementor-col-50 elementor-top-column elementor-element elementor-element-728589a\" data-id=\"728589a\" data-element_type=\"column\" data-e-type=\"column\">\n\t\t\t<div class=\"elementor-widget-wrap elementor-element-populated\">\n\t\t\t\t\t\t<div class=\"elementor-element elementor-element-0716a58 elementor-widget elementor-widget-text-editor\" data-id=\"0716a58\" data-element_type=\"widget\" data-e-type=\"widget\" data-widget_type=\"text-editor.default\">\n\t\t\t\t<div class=\"elementor-widget-container\">\n\t\t\t\t\t\t\t\t\t<p>Podemos obtener fotograf\u00eda y video de la mejor calidad a trav\u00e9s de la combinaci\u00f3n de nuestras habilidades art\u00edsticas y la utilizaci\u00f3n del equipo m\u00e1s adecuado para cada ocasi\u00f3n.<\/p>\t\t\t\t\t\t\t\t<\/div>\n\t\t\t\t<\/div>\n\t\t\t\t\t<\/div>\n\t\t<\/div>\n\t\t\t\t<div class=\"elementor-column elementor-col-50 elementor-top-column elementor-element elementor-element-f93c931\" data-id=\"f93c931\" data-element_type=\"column\" data-e-type=\"column\">\n\t\t\t<div class=\"elementor-widget-wrap elementor-element-populated\">\n\t\t\t\t\t\t<div class=\"elementor-element elementor-element-0dd1acc elementor-widget elementor-widget-text-editor\" data-id=\"0dd1acc\" data-element_type=\"widget\" data-e-type=\"widget\" data-widget_type=\"text-editor.default\">\n\t\t\t\t<div class=\"elementor-widget-container\">\n\t\t\t\t\t\t\t\t\t<h3>COSTO: 2,000 extra a su cotizaci\u00f3n<br \/><br \/><\/h3>\t\t\t\t\t\t\t\t<\/div>\n\t\t\t\t<\/div>\n\t\t\t\t\t<\/div>\n\t\t<\/div>\n\t\t\t\t\t<\/div>\n\t\t<\/section>\n\t\t\t\t<\/div>\n\t\t","protected":false},"excerpt":{"rendered":"<p>Servicio de Fotograf\u00eda Paquete de Fotograf\u00eda 1 COSTO: 5,000 Obtienes 1 fot\u00f3grafo que cubrir\u00e1: Ceremonia religiosa 3 horas de recepci\u00f3n As\u00ed mismo, incluye: Usb con los archivos digitales Paquete de Fotograf\u00eda 2 COSTO: 8,000 Obtienes 1 fot\u00f3grafo que cubrir\u00e1: Sesi\u00f3n de fotos\u00a0 Ceremonia religiosa 3 horas de recepci\u00f3n As\u00ed mismo, incluye: Usb con los archivos &#8230; <a title=\"Paquetes de XV a\u00f1os\" class=\"read-more\" href=\"https:\/\/estudiolotus.com\/fotografo\/paquetes-de-xv-anos\/\">Read more<\/a><\/p>\n","protected":false},"author":1,"featured_media":0,"parent":0,"menu_order":0,"comment_status":"closed","ping_status":"closed","template":"","meta":{"footnotes":""},"class_list":["post-267","page","type-page","status-publish"],"_links":{"self":[{"href":"https:\/\/estudiolotus.com\/fotografo\/wp-json\/wp\/v2\/pages\/267","targetHints":{"allow":["GET"]}}],"collection":[{"href":"https:\/\/estudiolotus.com\/fotografo\/wp-json\/wp\/v2\/pages"}],"about":[{"href":"https:\/\/estudiolotus.com\/fotografo\/wp-json\/wp\/v2\/types\/page"}],"author":[{"embeddable":true,"href":"https:\/\/estudiolotus.com\/fotografo\/wp-json\/wp\/v2\/users\/1"}],"replies":[{"embeddable":true,"href":"https:\/\/estudiolotus.com\/fotografo\/wp-json\/wp\/v2\/comments?post=267"}],"version-history":[{"count":25,"href":"https:\/\/estudiolotus.com\/fotografo\/wp-json\/wp\/v2\/pages\/267\/revisions"}],"predecessor-version":[{"id":668,"href":"https:\/\/estudiolotus.com\/fotografo\/wp-json\/wp\/v2\/pages\/267\/revisions\/668"}],"wp:attachment":[{"href":"https:\/\/estudiolotus.com\/fotografo\/wp-json\/wp\/v2\/media?parent=267"}],"curies":[{"name":"wp","href":"https:\/\/api.w.org\/{rel}","templated":true}]}}